{"id":2390,"date":"2024-06-11T17:40:46","date_gmt":"2024-06-11T17:40:46","guid":{"rendered":"https:\/\/devlopack.com\/?post_type=product&#038;p=2390"},"modified":"2026-04-11T17:44:59","modified_gmt":"2026-04-11T17:44:59","slug":"sac-doypack-triplex-aluminium","status":"publish","type":"product","link":"https:\/\/devlopack.com\/index.php\/produit\/sac-doypack-triplex-aluminium\/","title":{"rendered":"Sac Doypack Triplex Aluminium"},"content":{"rendered":"<p>Les sacs doypack aluminum :<br \/>\nCette pochette est destin\u00e9e \u00e0 l&#8217;emballage et au stockage des marchandises, comme noix, fruits, bonbons, biscuits, chocolats, th\u00e9, caf\u00e9, assaisonnements, snacks, herbes, tabac, avoines<br \/>\n&#8211; Elle vous aide de trouver facilement vos marchandises \u00e0 la maison. Elle peut aussi bien exposer les articles dans une boutique<br \/>\n&#8211; Une bonne \u00e9tanch\u00e9it\u00e9: Ce sac de nourriture travailler bien avec son excellent l&rsquo;\u00e9tanch\u00e9it\u00e9. Il isole l&rsquo;air les bact\u00e9ries l&rsquo;humidit\u00e9 et l&rsquo;oxyg\u00e8ne pour conserver la nourriture<br \/>\n&#8211; Mat\u00e9riaux: Aluminium SILVER non toxique inodore de grands qualit\u00e9s avec certification de SGS<br \/>\n&#8211; Refermables et d&rsquo;une excellente \u00e9tanch\u00e9it\u00e9 \u00e0 l&rsquo;air, les sacs sont imperm\u00e9ables et anti-graisse, adapt\u00e9s pour stocker des aliments secs, aliments pour chiens, aliments pour animaux domestiques, fruits secs, biscuits, feuille de th\u00e9, viande s\u00e9ch\u00e9e, etc.<\/p>\n<p>Le sac zipper Doypack prot\u00e8ge exceptionnellement des agents diff\u00e9rents:<br \/>\n\u2022 de l\u2019eau<br \/>\n\u2022 humidit\u00e9<br \/>\n\u2022 rayons ultraviolets<br \/>\n\u2022 acides<br \/>\n\u2022 agents alcalins<br \/>\n\u2022 Transmission d\u2019oxyg\u00e8ne et d\u2019autres gaz<br \/>\n\u2022 transmission des odeurs<br \/>\n\u2022 d\u00e9coloration<\/p>\n<p>Le sac ziplock DoyPack est utilis\u00e9 dans de nombreux secteurs industriels:<br \/>\n\u2022 pharmacien<br \/>\n\u2022 cosm\u00e9tique<br \/>\n\u2022 nourriture<br \/>\n\u2022 Haute technologie<br \/>\n\u2022 \u00e9lectronique<br \/>\n\u2022 \u00e9quipement m\u00e9dical \/ diagnostic<br \/>\n\u2022 chimique<br \/>\n\u2022 Art et conservation<\/p>\n<h3><\/h3>\n<h6 style=\"text-align: right;\">\u0627\u0644\u062d\u0642\u064a\u0628\u0629 \u0645\u062e\u0635\u0635\u0629 \u0644\u062a\u0639\u0628\u0626\u0629 \u0648\u062a\u062e\u0632\u064a\u0646 \u0627\u0644\u0628\u0636\u0627\u0626\u0639\u060c \u0645\u062b\u0644 \u0627\u0644\u0645\u0643\u0633\u0631\u0627\u062a \u0648\u0627\u0644\u0641\u0648\u0627\u0643\u0647 \u0648\u0627\u0644\u062d\u0644\u0648\u064a\u0627\u062a \u0648\u0627\u0644\u0643\u0639\u0643 \u0648\u0627\u0644\u0634\u0648\u0643\u0648\u0644\u0627\u062a\u0629 \u0648\u0627\u0644\u0634\u0627\u064a \u0648\u0627\u0644\u0642\u0647\u0648\u0629 \u0648\u0627\u0644\u062a\u0648\u0627\u0628\u0644 \u0648\u0627\u0644\u0648\u062c\u0628\u0627\u062a \u0627\u0644\u062e\u0641\u064a\u0641\u0629 \u0648\u0627\u0644\u0623\u0639\u0634\u0627\u0628 \u0648\u0627\u0644\u062a\u0628\u063a \u0648\u0627\u0644\u0634\u0648\u0641\u0627\u0646<\/h6>\n<h6 style=\"text-align: right;\">\u064a\u0633\u0627\u0639\u062f\u0643 \u0647\u0630\u0647 \u0639\u0644\u0649 \u0627\u0644\u0639\u062b\u0648\u0631 \u0628\u0633\u0647\u0648\u0644\u0629 \u0639\u0644\u0649 \u0627\u0644\u0628\u0636\u0627\u0626\u0639 \u0627\u0644\u062e\u0627\u0635\u0629 \u0628\u0643 \u0641\u064a \u0627\u0644\u0645\u0646\u0632\u0644. \u064a\u0645\u0643\u0646\u0647\u0627 \u0623\u064a\u0636\u064b\u0627 \u0639\u0631\u0636 \u0627\u0644\u0639\u0646\u0627\u0635\u0631 \u0627\u0644\u0645\u0648\u062c\u0648\u062f\u0629 \u0641\u064a \u0627\u0644\u0645\u062a\u062c\u0631<\/h6>\n<h6 style=\"text-align: right;\">\u0625\u063a\u0644\u0627\u0642 \u062c\u064a\u062f: \u062a\u0639\u0645\u0644 \u062d\u0642\u064a\u0628\u0629 \u0627\u0644\u0637\u0639\u0627\u0645 \u0647\u0630\u0647 \u0628\u0634\u0643\u0644 \u062c\u064a\u062f \u0645\u0639 \u0625\u063a\u0644\u0627\u0642\u0647\u0627 \u0627\u0644\u0645\u0645\u062a\u0627\u0632. \u0641\u0647\u0648 \u064a\u0639\u0632\u0644 \u0627\u0644\u0647\u0648\u0627\u0621 \u0648\u0627\u0644\u0628\u0643\u062a\u064a\u0631\u064a\u0627 \u0648\u0627\u0644\u0631\u0637\u0648\u0628\u0629 \u0648\u0627\u0644\u0623\u0643\u0633\u062c\u064a\u0646 \u0644\u0644\u062d\u0641\u0627\u0638 \u0639\u0644\u0649 \u0627\u0644\u0637\u0639\u0627\u0645<\/h6>\n<h6 style=\"text-align: right;\">\u0627\u0644\u0645\u0648\u0627\u062f: \u0623\u0644\u0648\u0645\u0646\u064a\u0648\u0645 \u0641\u0636\u064a \u0639\u0627\u0644\u064a \u0627\u0644\u062c\u0648\u062f\u0629 \u0648\u063a\u064a\u0631 \u0633\u0627\u0645 \u0648\u0639\u062f\u064a\u0645 \u0627\u0644\u0631\u0627\u0626\u062d\u0629 \u0648\u062d\u0627\u0635\u0644 \u0639\u0644\u0649 \u0634\u0647\u0627\u062f\u0629<\/h6>\n<h6 style=\"text-align: right;\">\u0642\u0627\u0628\u0644\u0629 \u0644\u0644\u0625\u063a\u0644\u0627\u0642 \u0648\u0645\u062d\u0643\u0645 \u0645\u0645\u062a\u0627\u0632\u060c \u0627\u0644\u062d\u0642\u0627\u0626\u0628 \u0645\u0642\u0627\u0648\u0645\u0629 \u0644\u0644\u0645\u0627\u0621 \u0648\u0645\u0636\u0627\u062f\u0629 \u0644\u0644\u062f\u0647\u0648\u0646\u060c \u0648\u0645\u0646\u0627\u0633\u0628\u0629 \u0644\u062a\u062e\u0632\u064a\u0646 \u0627\u0644\u0637\u0639\u0627\u0645 \u0627\u0644\u062c\u0627\u0641\u060c \u0648\u0637\u0639\u0627\u0645 \u0627\u0644\u0643\u0644\u0627\u0628\u060c \u0648\u0637\u0639\u0627\u0645 \u0627\u0644\u062d\u064a\u0648\u0627\u0646\u0627\u062a \u0627\u0644\u0623\u0644\u064a\u0641\u0629\u060c \u0648\u0627\u0644\u0641\u0648\u0627\u0643\u0647 \u0627\u0644\u0645\u062c\u0641\u0641\u0629\u060c \u0648\u0627\u0644\u0628\u0633\u0643\u0648\u064a\u062a\u060c \u0648\u0623\u0648\u0631\u0627\u0642 \u0627\u0644\u0634\u0627\u064a\u060c \u0648\u0627\u0644\u0644\u062d\u0648\u0645 \u0627\u0644\u0645\u062c\u0641\u0641\u0629\u060c \u0625\u0644\u062e<\/h6>\n","protected":false},"excerpt":{"rendered":"<p>Cette pochette est destin\u00e9e \u00e0 l&#8217;emballage et au stockage des marchandises, comme noix, fruits, bonbons, biscuits, chocolats, th\u00e9, caf\u00e9, assaisonnements, snacks, herbes, tabac, avoines<\/p>\n","protected":false},"featured_media":3535,"comment_status":"open","ping_status":"closed","template":"","meta":[],"product_cat":[46,48],"product_tag":[],"class_list":{"0":"post-2390","1":"product","2":"type-product","3":"status-publish","4":"has-post-thumbnail","6":"product_cat-sac-doypack","7":"product_cat-sac-doypack-triplex-aluminium","9":"first","10":"instock","11":"shipping-taxable","12":"purchasable","13":"product-type-variable"},"aioseo_notices":[],"_links":{"self":[{"href":"https:\/\/devlopack.com\/index.php\/wp-json\/wp\/v2\/product\/2390","targetHints":{"allow":["GET"]}}],"collection":[{"href":"https:\/\/devlopack.com\/index.php\/wp-json\/wp\/v2\/product"}],"about":[{"href":"https:\/\/devlopack.com\/index.php\/wp-json\/wp\/v2\/types\/product"}],"replies":[{"embeddable":true,"href":"https:\/\/devlopack.com\/index.php\/wp-json\/wp\/v2\/comments?post=2390"}],"wp:featuredmedia":[{"embeddable":true,"href":"https:\/\/devlopack.com\/index.php\/wp-json\/wp\/v2\/media\/3535"}],"wp:attachment":[{"href":"https:\/\/devlopack.com\/index.php\/wp-json\/wp\/v2\/media?parent=2390"}],"wp:term":[{"taxonomy":"product_cat","embeddable":true,"href":"https:\/\/devlopack.com\/index.php\/wp-json\/wp\/v2\/product_cat?post=2390"},{"taxonomy":"product_tag","embeddable":true,"href":"https:\/\/devlopack.com\/index.php\/wp-json\/wp\/v2\/product_tag?post=2390"}],"curies":[{"name":"wp","href":"https:\/\/api.w.org\/{rel}","templated":true}]}}