{"id":2398,"date":"2024-06-11T17:53:53","date_gmt":"2024-06-11T17:53:53","guid":{"rendered":"https:\/\/devlopack.com\/?post_type=product&#038;p=2398"},"modified":"2026-02-27T02:25:29","modified_gmt":"2026-02-27T02:25:29","slug":"sac-doypack-transparent","status":"publish","type":"product","link":"https:\/\/devlopack.com\/index.php\/produit\/sac-doypack-transparent\/","title":{"rendered":"Sac Doypack Transparent"},"content":{"rendered":"<p>Notre lot de doyapck transparents est \u00e0 la fois simple et pratique \u00e0 utiliser, gr\u00e2ce \u00e0 sa fermeture zipp\u00e9e qui permet d\u2019ouvrir et refermer rapidement votre pochette. \u00c9galement, la fermeture par zip assure un stockage de fa\u00e7on herm\u00e9tique de vos produits sensibles, \u00e0 l\u2019eau, aux poussi\u00e8res, \u00e0 l\u2019humidit\u00e9 et autres \u00e9l\u00e9ments. Pour faciliter le stockage ou l\u2019exp\u00e9dition de produit en vrac.<\/p>\n<p>Les sacs doypack \u00e0 fermetures zipp\u00e9es sont id\u00e9ales pour stocker facilement toutes sortes d\u2019objets en plusieurs domaine. Elles permettent \u00e9galement le contact avec les aliments, sans risques et sans danger pour votre sant\u00e9. Ce produit convient aussi aux professionnels pour le conditionnement au d\u00e9tail, avec possibilit\u00e9 d\u2019\u00e9crire directement dessus ou de coller une \u00e9tiquette pour identifier l\u2019article.<\/p>\n<p>Les pochettes plastiques sont r\u00e9utilisables autant de fois que possible et peuvent servir pour diff\u00e9rentes d\u00e9clinaisons, du conditionnement alimentaire au stockage de petites pi\u00e8ces ou accessoires. Le produit parfait \u00e0 avoir \u00e0 porter de main pour faciliter le quotidien, dans la chambre des enfants comme dans la cuisine pour vos \u00e9pices, herbes et autres. Il est recommand\u00e9 de ne pas utiliser un sachet pour de l\u2019alimentaire apr\u00e8s y avoir stock\u00e9 des accessoires non alimentaires.<\/p>\n<h3><\/h3>\n<h6 style=\"text-align: right;\"><strong>\u062a\u062a\u0645\u064a\u0632 \u0623\u0643\u064a\u0627\u0633 \u0627\u0644\u062f\u0648\u064a\u0628\u0627\u0643 \u0627\u0644\u0634\u0641\u0627\u0641\u0629 \u0628\u0623\u0646\u0647\u0627 \u0628\u0633\u064a\u0637\u0629 \u0648\u0639\u0645\u0644\u064a\u0629 \u0641\u064a \u0627\u0644\u0627\u0633\u062a\u062e\u062f\u0627\u0645\u060c \u0648\u0630\u0644\u0643 \u0628\u0641\u0636\u0644 \u0625\u063a\u0644\u0627\u0642\u0647\u0627 \u0628\u0633\u062d\u0627\u0628 \u0627\u0644\u0630\u064a \u064a\u0633\u0645\u062d \u0644\u0643 \u0628\u0641\u062a\u062d \u0648\u0625\u063a\u0644\u0627\u0642 \u062d\u0642\u064a\u0628\u062a\u0643 \u0628\u0633\u0631\u0639\u0629. \u0643\u0645\u0627 \u064a\u0636\u0645\u0646 \u0627\u0644\u0625\u063a\u0644\u0627\u0642 \u0627\u0644\u0633\u062d\u0627\u0628\u064a \u062a\u062e\u0632\u064a\u0646\u064b\u0627 \u0645\u062d\u0643\u0645\u064b\u0627 \u0644\u0645\u0646\u062a\u062c\u0627\u062a\u0643 \u0627\u0644\u062d\u0633\u0627\u0633\u0629 \u0648\u0627\u0644\u0645\u0627\u0621 \u0648\u0627\u0644\u063a\u0628\u0627\u0631 \u0648\u0627\u0644\u0631\u0637\u0648\u0628\u0629 \u0648\u0627\u0644\u0639\u0646\u0627\u0635\u0631 \u0627\u0644\u0623\u062e\u0631\u0649. \u0644\u062a\u0633\u0647\u064a\u0644 \u062a\u062e\u0632\u064a\u0646 \u0623\u0648 \u0634\u062d\u0646 \u0627\u0644\u0645\u0646\u062a\u062c\u0627\u062a \u0627\u0644\u0633\u0627\u0626\u0628\u0629<\/strong><\/h6>\n<h6 style=\"text-align: right;\"><strong>\u062a\u0639\u062a\u0628\u0631 \u0623\u0643\u064a\u0627\u0633 \u062f\u0648\u064a\u0628\u0627\u0643 \u0627\u0644\u0645\u0632\u0648\u062f\u0629 \u0628\u0633\u062d\u0627\u0628\u0627\u062a \u0645\u062b\u0627\u0644\u064a\u0629 \u0644\u062a\u062e\u0632\u064a\u0646 \u062c\u0645\u064a\u0639 \u0623\u0646\u0648\u0627\u0639 \u0627\u0644\u0623\u0634\u064a\u0627\u0621 \u0628\u0633\u0647\u0648\u0644\u0629 \u0641\u064a \u0639\u062f\u0629 \u0645\u062c\u0627\u0644\u0627\u062a. \u0643\u0645\u0627 \u0623\u0646\u0647\u0627 \u062a\u0633\u0645\u062d \u0628\u0627\u0644\u0627\u062a\u0635\u0627\u0644 \u0628\u0627\u0644\u0637\u0639\u0627\u0645 \u062f\u0648\u0646 \u0623\u064a \u062e\u0637\u0631 \u0623\u0648 \u062e\u0637\u0631 \u0639\u0644\u0649 \u0635\u062d\u062a\u0643. \u0647\u0630\u0627 \u0627\u0644\u0645\u0646\u062a\u062c \u0645\u0646\u0627\u0633\u0628 \u0623\u064a\u0636\u064b\u0627 \u0644\u0644\u0645\u062d\u062a\u0631\u0641\u064a\u0646 \u0641\u064a \u0645\u062c\u0627\u0644 \u062a\u063a\u0644\u064a\u0641 \u0627\u0644\u062a\u062c\u0632\u0626\u0629\u060c \u0645\u0639 \u0625\u0645\u0643\u0627\u0646\u064a\u0629 \u0627\u0644\u0643\u062a\u0627\u0628\u0629 \u0639\u0644\u064a\u0647 \u0645\u0628\u0627\u0634\u0631\u0629 \u0623\u0648 \u0644\u0635\u0642 \u0645\u0644\u0635\u0642 \u0644\u0644\u062a\u0639\u0631\u0641 \u0639\u0644\u0649 \u0627\u0644\u0633\u0644\u0639\u0629<\/strong><\/h6>\n<h6 style=\"text-align: right;\"><strong>\u064a\u0645\u0643\u0646 \u0625\u0639\u0627\u062f\u0629 \u0627\u0633\u062a\u062e\u062f\u0627\u0645 \u0627\u0644\u0623\u0643\u064a\u0627\u0633 \u0627\u0644\u0628\u0644\u0627\u0633\u062a\u064a\u0643\u064a\u0629 \u0639\u062f\u0629 \u0645\u0631\u0627\u062a \u0642\u062f\u0631 \u0627\u0644\u0625\u0645\u0643\u0627\u0646 \u0648\u064a\u0645\u0643\u0646 \u0627\u0633\u062a\u062e\u062f\u0627\u0645\u0647\u0627 \u0641\u064a \u062a\u0637\u0628\u064a\u0642\u0627\u062a \u0645\u062e\u062a\u0644\u0641\u0629\u060c \u0628\u062f\u0621\u064b\u0627 \u0645\u0646 \u062a\u063a\u0644\u064a\u0641 \u0627\u0644\u0645\u0648\u0627\u062f \u0627\u0644\u063a\u0630\u0627\u0626\u064a\u0629 \u0648\u062d\u062a\u0649 \u062a\u062e\u0632\u064a\u0646 \u0627\u0644\u0623\u062c\u0632\u0627\u0621 \u0627\u0644\u0635\u063a\u064a\u0631\u0629 \u0623\u0648 \u0627\u0644\u0645\u0644\u062d\u0642\u0627\u062a. \u0627\u0644\u0645\u0646\u062a\u062c \u0627\u0644\u0645\u062b\u0627\u0644\u064a \u0627\u0644\u0630\u064a \u064a\u062c\u0628 \u0623\u0646 \u064a\u0643\u0648\u0646 \u0641\u064a \u0645\u062a\u0646\u0627\u0648\u0644 \u0627\u0644\u064a\u062f \u0644\u062a\u0633\u0647\u064a\u0644 \u0627\u0644\u062d\u064a\u0627\u0629 \u0627\u0644\u064a\u0648\u0645\u064a\u0629\u060c \u0641\u064a \u063a\u0631\u0641\u0629 \u0627\u0644\u0623\u0637\u0641\u0627\u0644 \u0648\u0643\u0630\u0644\u0643 \u0641\u064a \u0627\u0644\u0645\u0637\u0628\u062e \u0644\u0644\u062a\u0648\u0627\u0628\u0644 \u0648\u0627\u0644\u0623\u0639\u0634\u0627\u0628 \u0648\u063a\u064a\u0631\u0647\u0627. \u064a\u064f\u0646\u0635\u062d \u0628\u0639\u062f\u0645 \u0627\u0633\u062a\u062e\u062f\u0627\u0645 \u0643\u064a\u0633 \u0627\u0644\u0637\u0639\u0627\u0645 \u0628\u0639\u062f \u062a\u062e\u0632\u064a\u0646 \u0627\u0644\u0645\u0644\u062d\u0642\u0627\u062a \u063a\u064a\u0631 \u0627\u0644\u063a\u0630\u0627\u0626\u064a\u0629 \u0641\u064a\u0647<\/strong><\/h6>\n","protected":false},"excerpt":{"rendered":"<p>Notre lot de doyapck transparents est \u00e0 la fois simple et pratique \u00e0 utiliser, gr\u00e2ce \u00e0 sa fermeture zipp\u00e9e qui permet d\u2019ouvrir et refermer rapidement votre pochette. \u00c9galement, la fermeture par zip assure un stockage de fa\u00e7on herm\u00e9tique de vos produits sensibles, \u00e0 l\u2019eau, aux poussi\u00e8res, \u00e0 l\u2019humidit\u00e9 et autres \u00e9l\u00e9ments. Pour faciliter le stockage ou l\u2019exp\u00e9dition de produit en vrac.<\/p>\n","protected":false},"featured_media":3534,"comment_status":"open","ping_status":"closed","template":"","meta":[],"product_cat":[46,47],"product_tag":[],"class_list":{"0":"post-2398","1":"product","2":"type-product","3":"status-publish","4":"has-post-thumbnail","6":"product_cat-sac-doypack","7":"product_cat-sac-doypack-transparant","9":"first","10":"instock","11":"shipping-taxable","12":"purchasable","13":"product-type-variable"},"aioseo_notices":[],"_links":{"self":[{"href":"https:\/\/devlopack.com\/index.php\/wp-json\/wp\/v2\/product\/2398","targetHints":{"allow":["GET"]}}],"collection":[{"href":"https:\/\/devlopack.com\/index.php\/wp-json\/wp\/v2\/product"}],"about":[{"href":"https:\/\/devlopack.com\/index.php\/wp-json\/wp\/v2\/types\/product"}],"replies":[{"embeddable":true,"href":"https:\/\/devlopack.com\/index.php\/wp-json\/wp\/v2\/comments?post=2398"}],"wp:featuredmedia":[{"embeddable":true,"href":"https:\/\/devlopack.com\/index.php\/wp-json\/wp\/v2\/media\/3534"}],"wp:attachment":[{"href":"https:\/\/devlopack.com\/index.php\/wp-json\/wp\/v2\/media?parent=2398"}],"wp:term":[{"taxonomy":"product_cat","embeddable":true,"href":"https:\/\/devlopack.com\/index.php\/wp-json\/wp\/v2\/product_cat?post=2398"},{"taxonomy":"product_tag","embeddable":true,"href":"https:\/\/devlopack.com\/index.php\/wp-json\/wp\/v2\/product_tag?post=2398"}],"curies":[{"name":"wp","href":"https:\/\/api.w.org\/{rel}","templated":true}]}}