{"id":2488,"date":"2024-06-12T15:42:32","date_gmt":"2024-06-12T15:42:32","guid":{"rendered":"https:\/\/devlopack.com\/?post_type=product&#038;p=2488"},"modified":"2026-03-26T19:34:10","modified_gmt":"2026-03-26T19:34:10","slug":"sac-doypack-triplex-blanc","status":"publish","type":"product","link":"https:\/\/devlopack.com\/index.php\/produit\/sac-doypack-triplex-blanc\/","title":{"rendered":"Sac Doypack Triplex Blanc"},"content":{"rendered":"<p>Le sacs doypack Blanc m\u00e9tallis\u00e9 vous offre une barri\u00e8re de haute qualit\u00e9 contre l&rsquo;humidit\u00e9 et les odeurs.<\/p>\n<p>Ces sachets souples \u00a0m\u00e9tallis\u00e9 avec fermiture zip produits secs ou de liquides. Sa couleur Blanc m\u00e9tallis\u00e9 rend l\u2019emballage unique dans votre magasin. \u00c9tant donn\u00e9 qu&rsquo;il n&rsquo;y a pas de fen\u00eatre sur ce sachet, il a plus d&rsquo;espace pour obtenir une impression avec le logo de votre entreprise par exemple.<\/p>\n<p>Nos pochettes stand-up ont la caract\u00e9ristique d&rsquo;\u00eatre \u00e9tanches \u00e1 l&rsquo;air, refermables et peuvent \u00eatre scell\u00e9es \u00e1 l&rsquo;aide d&rsquo;un handealer. La conception \u00abdebout\u00bb de ce sac permet de laisser votre sac se tenir debout lors qu&rsquo;il est rempli sur vos \u00e9tag\u00e8res. Lorsque vous les scellez et que vous les ouvrez plus tard, il est possible de refermer les sacs avec le joint d&rsquo;\u00e9tanch\u00e9it\u00e9<\/p>\n<p>Les sacs \u00e0 maintien vertical \u00e0 zipper m\u00e9tallis\u00e9 ont les caract\u00e9ristiques suivantes:<\/p>\n<ul>\n<li>Les dimensions indiqu\u00e9es sont les dimensions sont les dimensions ext\u00e9rieurs du sac<\/li>\n<li>Barri\u00e8re am\u00e9lior\u00e9e pour l&rsquo;oxyg\u00e8ne, les ar\u00f4mes, l&rsquo;humidit\u00e9 et la lumi\u00e8re<\/li>\n<li>Id\u00e9al pour mettre vos aliments qui ne vont pas au r\u00e9frig\u00e9rateur comme le chocolat, le riz, les \u00e9pices, le caf\u00e9 mais aussi les sels de bains<\/li>\n<li>100 Micron d&rsquo;\u00e9paisseur<\/li>\n<li>mat\u00e9riau plastifi\u00e9s pour ajouter de la solidit\u00e9 et de l&rsquo;\u00e9tanch\u00e9it\u00e9<\/li>\n<li>Zip refermable solide<\/li>\n<li>Tient \u00e0 la verticale gr\u00e2ce \u00e0 son design<\/li>\n<li>Crans d\u00e9tachable pour avoir une ouverture facile quand il est scell\u00e9 \u00e0 chaud<\/li>\n<li style=\"text-align: left;\">Approuv\u00e9 par la FDA<\/li>\n<li style=\"text-align: left;\">Comprenez s&rsquo;il vous pla\u00eet que les tailles et volumes de nos sacs sont des estimations, et sont bas\u00e9es sur des tests avec des grains de caf\u00e9. \u00c9chantillons gratuits disponible sur demande,<\/li>\n<li style=\"text-align: left;\">pour tester les produits<\/li>\n<\/ul>\n<h3><\/h3>\n<h6 style=\"text-align: right;\">\u062a\u0648\u0641\u0631 \u0644\u0643 \u0623\u0643\u064a\u0627\u0633 \u062f\u0648\u064a\u0628\u0627\u0643 \u0627\u0644\u0645\u0639\u062f\u0646\u064a\u0629 \u062d\u0627\u062c\u0632\u064b\u0627 \u0639\u0627\u0644\u064a \u0627\u0644\u062c\u0648\u062f\u0629 \u0636\u062f \u0627\u0644\u0631\u0637\u0648\u0628\u0629 \u0648\u0627\u0644\u0631\u0648\u0627\u0626\u062d<\/h6>\n<h6 style=\"text-align: right;\">\u0647\u0630\u0647 \u0627\u0644\u062d\u0642\u0627\u0626\u0628 \u0627\u0644\u0645\u0631\u0646\u0629 \u0630\u0627\u062a \u0627\u0644\u0645\u0639\u062f\u0646\u064a \u0645\u0639 \u0633\u062d\u0627\u0628 \u0625\u063a\u0644\u0627\u0642 \u0644\u0644\u0645\u0646\u062a\u062c\u0627\u062a \u0627\u0644\u062c\u0627\u0641\u0629 \u0623\u0648 \u0627\u0644\u0633\u0627\u0626\u0644\u0629. \u0644\u0648\u0646\u0647\u0627 \u0627\u0644\u0627\u0628\u064a\u0636 \u0627\u0644\u0645\u0639\u062f\u0646\u064a \u064a\u062c\u0639\u0644 \u0627\u0644\u0639\u0628\u0648\u0629 \u0641\u0631\u064a\u062f\u0629 \u0645\u0646 \u0646\u0648\u0639\u0647\u0627 \u0641\u064a \u0645\u062a\u062c\u0631\u0643. \u0646\u0638\u0631\u064b\u0627 \u0644\u0639\u062f\u0645 \u0648\u062c\u0648\u062f \u0646\u0627\u0641\u0630\u0629 \u0639\u0644\u0649 \u0647\u0630\u0647 \u0627\u0644\u062d\u0642\u064a\u0628\u0629\u060c \u0641\u0647\u064a \u062a\u062a\u0645\u062a\u0639 \u0628\u0645\u0633\u0627\u062d\u0629 \u0623\u0643\u0628\u0631 \u0644\u0644\u062d\u0635\u0648\u0644 \u0639\u0644\u0649 \u0628\u0635\u0645\u0629 \u0628\u0634\u0639\u0627\u0631 \u0634\u0631\u0643\u062a\u0643 \u0639\u0644\u0649 \u0633\u0628\u064a\u0644 \u0627\u0644\u0645\u062b\u0627\u0644<\/h6>\n<h6 style=\"text-align: right;\">\u062a\u062a\u0645\u064a\u0632 \u0627\u0644\u062d\u0642\u0627\u0626\u0628 \u0627\u0644\u0642\u0627\u0626\u0645\u0629 \u0644\u062f\u064a\u0646\u0627 \u0628\u0643\u0648\u0646\u0647\u0627 \u0645\u062d\u0643\u0645\u0629 \u0627\u0644\u063a\u0644\u0642 \u0648\u0642\u0627\u0628\u0644\u0629 \u0644\u0644\u0625\u063a\u0644\u0627\u0642 \u0648\u064a\u0645\u0643\u0646 \u0625\u063a\u0644\u0627\u0642\u0647\u0627 \u0628\u0627\u0633\u062a\u062e\u062f\u0627\u0645 \u0639\u0627\u0645\u0644 \u064a\u062f\u0648\u064a. \u064a\u0633\u0645\u062d \u0627\u0644\u062a\u0635\u0645\u064a\u0645 \u00ab\u00a0\u0627\u0644\u0648\u0627\u0642\u0641\u00a0\u00bb \u0644\u0647\u0630\u0647 \u0627\u0644\u062d\u0642\u064a\u0628\u0629 \u0644\u062d\u0642\u064a\u0628\u062a\u0643 \u0628\u0627\u0644\u0648\u0642\u0648\u0641 \u0641\u064a \u0648\u0636\u0639 \u0645\u0633\u062a\u0642\u064a\u0645 \u0623\u062b\u0646\u0627\u0621 \u0645\u0644\u0626\u0647\u0627 \u0639\u0644\u0649 \u0627\u0644\u0631\u0641\u0648\u0641. \u0639\u0646\u062f \u0625\u063a\u0644\u0627\u0642\u0647\u0627 \u0648\u0641\u062a\u062d\u0647\u0627 \u0644\u0627\u062d\u0642\u064b\u0627\u060c \u0645\u0646 \u0627\u0644\u0645\u0645\u0643\u0646 \u0625\u0639\u0627\u062f\u0629 \u0625\u063a\u0644\u0627\u0642 \u0627\u0644\u0623\u0643\u064a\u0627\u0633 \u0628\u0627\u0644\u062e\u062a\u0645<\/h6>\n<h6 style=\"text-align: right;\">\u062a\u062a\u0645\u064a\u0632 \u0623\u0643\u064a\u0627\u0633 \u0627\u0644\u062f\u0639\u0645 \u0627\u0644\u0639\u0645\u0648\u062f\u064a\u0629 \u0630\u0627\u062a \u0627\u0644\u0633\u062d\u0627\u0628 \u0627\u0644\u0645\u0639\u062f\u0646\u064a \u0628\u0627\u0644\u062e\u0635\u0627\u0626\u0635 \u0627\u0644\u062a\u0627\u0644\u064a\u0629<\/h6>\n<h6 style=\"text-align: right;\">\u0627\u0644\u0623\u0628\u0639\u0627\u062f \u0627\u0644\u0645\u0648\u0636\u062d\u0629 \u0647\u064a \u0627\u0644\u0623\u0628\u0639\u0627\u062f \u0627\u0644\u062e\u0627\u0631\u062c\u064a\u0629 \u0644\u0644\u062d\u0642\u064a\u0628\u0629<\/h6>\n<h6 style=\"text-align: right;\">\u062a\u062d\u0633\u064a\u0646 \u062d\u0627\u062c\u0632 \u0627\u0644\u0623\u0643\u0633\u062c\u064a\u0646 \u0648\u0627\u0644\u0631\u0648\u0627\u0626\u062d \u0648\u0627\u0644\u0631\u0637\u0648\u0628\u0629 \u0648\u0627\u0644\u0636\u0648\u0621<\/h6>\n<h6 style=\"text-align: right;\">\u0645\u062b\u0627\u0644\u064a\u0629 \u0644\u0648\u0636\u0639 \u0627\u0644\u0623\u0637\u0639\u0645\u0629 \u0627\u0644\u062a\u064a \u0644\u0627 \u064a\u0645\u0643\u0646 \u0648\u0636\u0639\u0647\u0627 \u0641\u064a \u0627\u0644\u062b\u0644\u0627\u062c\u0629 \u0645\u062b\u0644 \u0627\u0644\u0634\u0648\u0643\u0648\u0644\u0627\u062a\u0629 \u0648\u0627\u0644\u0623\u0631\u0632 \u0648\u0627\u0644\u062a\u0648\u0627\u0628\u0644 \u0648\u0627\u0644\u0642\u0647\u0648\u0629 \u0648\u0623\u0645\u0644\u0627\u062d \u0627\u0644\u0627\u0633\u062a\u062d\u0645\u0627\u0645 \u0623\u064a\u0636\u064b\u0627<\/h6>\n<h6 style=\"text-align: right;\">\u0633\u0645\u0627\u0643\u0629 100 \u0645\u064a\u0643\u0631\u0648\u0646<\/h6>\n<h6 style=\"text-align: right;\">\u0645\u0627\u062f\u0629 \u0645\u0644\u062f\u0646\u0629 \u0644\u0625\u0636\u0627\u0641\u0629 \u0627\u0644\u0642\u0648\u0629 \u0648\u0627\u0644\u0639\u0632\u0644 \u0627\u0644\u0645\u0627\u0626\u064a<\/h6>\n<h6 style=\"text-align: right;\">\u0627\u0644\u0631\u0645\u0632 \u0627\u0644\u0628\u0631\u064a\u062f\u064a \u0627\u0644\u0642\u0648\u064a \u0627\u0644\u0642\u0627\u0628\u0644 \u0644\u0644\u0625\u063a\u0644\u0627\u0642<\/h6>\n<h6 style=\"text-align: right;\">\u064a\u0642\u0641 \u0628\u0634\u0643\u0644 \u0639\u0645\u0648\u062f\u064a \u0628\u0641\u0636\u0644 \u062a\u0635\u0645\u064a\u0645\u0647<\/h6>\n<h6 style=\"text-align: right;\">\u0641\u062a\u062d\u0629 \u0642\u0627\u0628\u0644\u0629 \u0644\u0644\u0641\u0635\u0644 \u0644\u0633\u0647\u0648\u0644\u0629 \u0627\u0644\u0641\u062a\u062d \u0639\u0646\u062f \u0625\u063a\u0644\u0627\u0642\u0647\u0627 \u0628\u0627\u0644\u062d\u0631\u0627\u0631\u0629<\/h6>\n<h6 style=\"text-align: right;\">\u0648\u0627\u0641\u0642\u062a \u0639\u0644\u064a\u0647\u0627 \u0627\u062f\u0627\u0631\u0629 \u0627\u0644\u0627\u063a\u0630\u064a\u0629 \u0648\u0627\u0644\u0639\u0642\u0627\u0642\u064a\u0631<\/h6>\n<h6 style=\"text-align: right;\">\u00a0\u064a\u0631\u062c\u0649 \u0641\u0647\u0645 \u0623\u0646 \u0623\u062d\u062c\u0627\u0645 \u0648\u0623\u062d\u062c\u0627\u0645 \u0627\u0644\u0623\u0643\u064a\u0627\u0633 \u0644\u062f\u064a\u0646\u0627 \u0647\u064a \u062a\u0642\u062f\u064a\u0631\u0627\u062a\u060c \u0648\u062a\u0633\u062a\u0646\u062f \u0625\u0644\u0649 \u0627\u062e\u062a\u0628\u0627\u0631 \u062d\u0628\u0648\u0628 \u0627\u0644\u0628\u0646. \u0639\u064a\u0646\u0627\u062a \u0645\u062c\u0627\u0646\u064a\u0629 \u0645\u062a\u0627\u062d\u0629 \u0639\u0646\u062f \u0627\u0644\u0637\u0644\u0628 \u0644\u0627\u062e\u062a\u0628\u0627\u0631 \u0627\u0644\u0645\u0646\u062a\u062c\u0627\u062a<\/h6>\n","protected":false},"excerpt":{"rendered":"<p>Le sacs doypack Blanc m\u00e9tallis\u00e9 vous offre une barri\u00e8re de haute qualit\u00e9 contre l&rsquo;humidit\u00e9 et les odeurs.<\/p>\n","protected":false},"featured_media":3529,"comment_status":"open","ping_status":"closed","template":"","meta":[],"product_cat":[46,50],"product_tag":[],"class_list":{"0":"post-2488","1":"product","2":"type-product","3":"status-publish","4":"has-post-thumbnail","6":"product_cat-sac-doypack","7":"product_cat-sac-doypack-triplex-blanc","9":"first","10":"instock","11":"shipping-taxable","12":"purchasable","13":"product-type-variable"},"aioseo_notices":[],"_links":{"self":[{"href":"https:\/\/devlopack.com\/index.php\/wp-json\/wp\/v2\/product\/2488","targetHints":{"allow":["GET"]}}],"collection":[{"href":"https:\/\/devlopack.com\/index.php\/wp-json\/wp\/v2\/product"}],"about":[{"href":"https:\/\/devlopack.com\/index.php\/wp-json\/wp\/v2\/types\/product"}],"replies":[{"embeddable":true,"href":"https:\/\/devlopack.com\/index.php\/wp-json\/wp\/v2\/comments?post=2488"}],"wp:featuredmedia":[{"embeddable":true,"href":"https:\/\/devlopack.com\/index.php\/wp-json\/wp\/v2\/media\/3529"}],"wp:attachment":[{"href":"https:\/\/devlopack.com\/index.php\/wp-json\/wp\/v2\/media?parent=2488"}],"wp:term":[{"taxonomy":"product_cat","embeddable":true,"href":"https:\/\/devlopack.com\/index.php\/wp-json\/wp\/v2\/product_cat?post=2488"},{"taxonomy":"product_tag","embeddable":true,"href":"https:\/\/devlopack.com\/index.php\/wp-json\/wp\/v2\/product_tag?post=2488"}],"curies":[{"name":"wp","href":"https:\/\/api.w.org\/{rel}","templated":true}]}}