{"id":596,"date":"2024-02-29T16:10:00","date_gmt":"2024-02-29T16:10:00","guid":{"rendered":"https:\/\/demosites.royal-elementor-addons.com\/pet-shop-v1\/?post_type=product&#038;p=596"},"modified":"2026-01-25T18:41:15","modified_gmt":"2026-01-25T18:41:15","slug":"sac-doypack-kraft-blanc","status":"publish","type":"product","link":"https:\/\/devlopack.com\/index.php\/produit\/sac-doypack-kraft-blanc\/","title":{"rendered":"Sac Doypack Kraft Blanc"},"content":{"rendered":"<p>L&#8217;emballage\u00a0DoyPack se distingue comme un sac en papier kraft sans poign\u00e9es, avec un laminage int\u00e9rieur anti-graisse.<\/p>\n<p>Id\u00e9al pour emballer et conserver les aliments, les noix, les grains de caf\u00e9, les herbes s\u00e9ch\u00e9es, les \u00e9pices, entre autres.<\/p>\n<p>Voici quelques-unes de ses\u00a0<u>caract\u00e9ristiques<\/u>:<\/p>\n<p>Mat\u00e9riaux : papier kraft et PE de qualit\u00e9 alimentaire, sans odeur, \u00e9tanches.<\/p>\n<p>Fermeture : gr\u00e2ce \u00e0 la fermeture zip les sont r\u00e9utilisables. Les fermetures scellent contre l\u2019humidit\u00e9, \u00e0 la moisissure et \u00e0 la poussi\u00e8re.<\/p>\n<p>Fen\u00eatre transparente : chaque sac de rangement a une fen\u00eatre transparente, vous pouvez voir le contenu et pas besoin de l\u2019ouvrir.<\/p>\n<p>Tiennent debout : les sac tiennent debout gr\u00e2ce a sa base ovale.<\/p>\n<p>Pratiques, les sacs en papier kraft sont parfaits pour emballer, stocker, exposer des aliments comme les noix, l\u2019avoine, les cookies, les bonbons, les grains de caf\u00e9, les c\u00e9r\u00e9ales, etc.<\/p>\n<h3><\/h3>\n<h6 style=\"text-align: right;\">\u062a\u062a\u0645\u064a\u0632 \u0639\u0628\u0648\u0629\u0627\u0644\u062f\u0648\u064a\u0628\u0627\u0643 \u0628\u0623\u0646\u0647\u0627 \u0643\u064a\u0633 \u0645\u0646 \u0648\u0631\u0642 \u0627\u0644\u0643\u0631\u0627\u0641\u062a \u0628\u062f\u0648\u0646 \u0645\u0642\u0627\u0628\u0636\u060c \u0645\u0639 \u062a\u063a\u0644\u064a\u0641 \u062f\u0627\u062e\u0644\u064a \u0645\u0636\u0627\u062f \u0644\u0644\u062f\u0647\u0648\u0646 \u0645\u062b\u0627\u0644\u064a\u0629 \u0644\u062a\u0639\u0628\u0626\u0629 \u0648\u062a\u062e\u0632\u064a\u0646 \u0627\u0644\u0645\u0648\u0627\u062f \u0627\u0644\u063a\u0630\u0627\u0626\u064a\u0629 \u0648\u0627\u0644\u0645\u0643\u0633\u0631\u0627\u062a \u0648\u062d\u0628\u0648\u0628 \u0627\u0644\u0642\u0647\u0648\u0629 \u0648\u0627\u0644\u0623\u0639\u0634\u0627\u0628 \u0627\u0644\u0645\u062c\u0641\u0641\u0629 \u0648\u0627\u0644\u062a\u0648\u0627\u0628\u0644 \u0648\u063a\u064a\u0631\u0647\u0627<\/h6>\n<h6 style=\"text-align: right;\">\u0648\u0647\u0646\u0627 \u0628\u0639\u0636 \u0645\u0646 \u0645\u064a\u0632\u0627\u062a\u0647<\/h6>\n<h6 style=\"text-align: right;\">\u0627\u0644\u0645\u0648\u0627\u062f: \u0648\u0631\u0642 \u0643\u0631\u0627\u0641\u062a \u0635\u0627\u0644\u062d \u0644\u0644\u0637\u0639\u0627\u0645 \u060c \u0639\u062f\u064a\u0645 \u0627\u0644\u0631\u0627\u0626\u062d\u0629\u060c \u0645\u0642\u0627\u0648\u0645 \u0644\u0644\u0645\u0627\u0621<\/h6>\n<h6 style=\"text-align: right;\">\u0627\u0644\u0625\u063a\u0644\u0627\u0642: \u0628\u0641\u0636\u0644 \u0633\u062d\u0627\u0628 \u0627\u0644\u0625\u063a\u0644\u0627\u0642\u060c \u0641\u0647\u064a \u0642\u0627\u0628\u0644\u0629 \u0644\u0625\u0639\u0627\u062f\u0629 \u0627\u0644\u0627\u0633\u062a\u062e\u062f\u0627\u0645. \u0625\u063a\u0644\u0627\u0642 \u0645\u062d\u0643\u0645 \u0636\u062f \u0627\u0644\u0631\u0637\u0648\u0628\u0629 \u0648\u0627\u0644\u0639\u0641\u0646 \u0648\u0627\u0644\u063a\u0628\u0627\u0631<\/h6>\n<h6 style=\"text-align: right;\">\u0627\u0644\u0648\u0642\u0648\u0641 \u0628\u0634\u0643\u0644 \u0645\u0633\u062a\u0642\u064a\u0645: \u062a\u0642\u0641 \u0627\u0644\u0623\u0643\u064a\u0627\u0633 \u0641\u064a \u0648\u0636\u0639 \u0645\u0633\u062a\u0642\u064a\u0645 \u0628\u0641\u0636\u0644 \u0642\u0627\u0639\u062f\u062a\u0647\u0627 \u0627\u0644\u0628\u064a\u0636\u0627\u0648\u064a\u0629<\/h6>\n<h6 style=\"text-align: right;\">\u0646\u0627\u0641\u0630\u0629 \u0634\u0641\u0627\u0641\u0629: \u062a\u062d\u062a\u0648\u064a \u0643\u0644 \u062d\u0642\u064a\u0628\u0629 \u062a\u062e\u0632\u064a\u0646 \u0639\u0644\u0649 \u0646\u0627\u0641\u0630\u0629 \u0634\u0641\u0627\u0641\u0629\u060c \u064a\u0645\u0643\u0646\u0643 \u0631\u0624\u064a\u0629 \u0627\u0644\u0645\u062d\u062a\u0648\u064a\u0627\u062a \u0648\u0644\u0627 \u062d\u0627\u062c\u0629 \u0644\u0641\u062a\u062d\u0647\u0627<\/h6>\n<h6 style=\"text-align: right;\">\u062a\u0639\u062a\u0628\u0631 \u0623\u0643\u064a\u0627\u0633 \u0648\u0631\u0642 \u0627\u0644\u0643\u0631\u0627\u0641\u062a \u0627\u0644\u0639\u0645\u0644\u064a\u0629 \u0645\u062b\u0627\u0644\u064a\u0629 \u0644\u062a\u063a\u0644\u064a\u0641 \u0648\u062a\u062e\u0632\u064a\u0646 \u0648\u0639\u0631\u0636 \u0627\u0644\u0623\u0637\u0639\u0645\u0629 \u0645\u062b\u0644 \u0627\u0644\u0645\u0643\u0633\u0631\u0627\u062a \u0648\u0627\u0644\u0634\u0648\u0641\u0627\u0646 \u0648\u0627\u0644\u0628\u0633\u0643\u0648\u064a\u062a \u0648\u0627\u0644\u062d\u0644\u0648\u064a\u0627\u062a \u0648\u062d\u0628\u0648\u0628 \u0627\u0644\u0642\u0647\u0648\u0629 \u0648\u0627\u0644\u062d\u0628\u0648\u0628 \u0648\u0645\u0627 \u0625\u0644\u0649 \u0630\u0644\u0643<\/h6>\n<p>&nbsp;<\/p>\n","protected":false},"excerpt":{"rendered":"<p>L&#8217;emballage\u00a0DoyPack se distingue comme un sac en papier kraft sans poign\u00e9es, avec un laminage int\u00e9rieur anti-graisse.<\/p>\n<p>Id\u00e9al pour emballer et conserver les aliments, les noix, les grains de caf\u00e9, les herbes s\u00e9ch\u00e9es, les \u00e9pices, entre autres.<\/p>\n","protected":false},"featured_media":3543,"comment_status":"open","ping_status":"closed","template":"","meta":[],"product_cat":[54,52],"product_tag":[],"class_list":{"0":"post-596","1":"product","2":"type-product","3":"status-publish","4":"has-post-thumbnail","6":"product_cat-sac-doypack-kraft-marron","7":"product_cat-sac-doypack-vierge","9":"first","10":"instock","11":"shipping-taxable","12":"purchasable","13":"product-type-variable"},"aioseo_notices":[],"_links":{"self":[{"href":"https:\/\/devlopack.com\/index.php\/wp-json\/wp\/v2\/product\/596","targetHints":{"allow":["GET"]}}],"collection":[{"href":"https:\/\/devlopack.com\/index.php\/wp-json\/wp\/v2\/product"}],"about":[{"href":"https:\/\/devlopack.com\/index.php\/wp-json\/wp\/v2\/types\/product"}],"replies":[{"embeddable":true,"href":"https:\/\/devlopack.com\/index.php\/wp-json\/wp\/v2\/comments?post=596"}],"wp:featuredmedia":[{"embeddable":true,"href":"https:\/\/devlopack.com\/index.php\/wp-json\/wp\/v2\/media\/3543"}],"wp:attachment":[{"href":"https:\/\/devlopack.com\/index.php\/wp-json\/wp\/v2\/media?parent=596"}],"wp:term":[{"taxonomy":"product_cat","embeddable":true,"href":"https:\/\/devlopack.com\/index.php\/wp-json\/wp\/v2\/product_cat?post=596"},{"taxonomy":"product_tag","embeddable":true,"href":"https:\/\/devlopack.com\/index.php\/wp-json\/wp\/v2\/product_tag?post=596"}],"curies":[{"name":"wp","href":"https:\/\/api.w.org\/{rel}","templated":true}]}}